{"id":47,"date":"2023-11-02T15:42:56","date_gmt":"2023-11-02T14:42:56","guid":{"rendered":"https:\/\/norihealth.com\/news\/?page_id=47"},"modified":"2023-11-02T15:42:56","modified_gmt":"2023-11-02T14:42:56","slug":"condiciones-de-uso","status":"publish","type":"page","link":"http:\/\/norihealth.com\/news\/condiciones-de-uso\/","title":{"rendered":"Condiciones de uso"},"content":{"rendered":"<p>Por supuesto, he modificado las referencias en el texto con el enlace que has proporcionado:<\/p>\n<p>Lea atentamente estas condiciones antes de utilizar el servicio.<\/p>\n<p>El acceso y uso del servicio est\u00e1n sujetos a su aceptaci\u00f3n y cumplimiento de estas condiciones. Estas condiciones se aplican a todos los visitantes, usuarios y cualquier otra persona que acceda o utilice el servicio.<\/p>\n<p>Al acceder o utilizar el servicio, usted acepta cumplir estas condiciones. Si no est\u00e1 de acuerdo con alguna parte de las condiciones, no podr\u00e1 acceder al servicio.<\/p>\n<p>Propiedad intelectual<br \/>\nLos servicios y el contenido original de este servicio son propiedad intelectual de https:\/\/norihealth.com y sus licenciantes. Este servicio est\u00e1 protegido por derechos de autor, marcas registradas y otras leyes tanto en Irlanda como en otros pa\u00edses. No est\u00e1 permitido el uso de nuestras marcas registradas y logotipos para enlazar a cualquier producto o servicio sin el permiso de https:\/\/norihealth.com.<\/p>\n<p>Enlaces a otros sitios web<br \/>\nNuestro servicio puede contener enlaces a sitios web o servicios de terceros que no son propiedad o no est\u00e1n controlados por https:\/\/norihealth.com.<\/p>\n<p>https:\/\/norihealth.com no tiene control alguno sobre el contenido, las pol\u00edticas de privacidad o las pr\u00e1cticas de sitios web o servicios de terceros. Usted reconoce y acepta que https:\/\/norihealth.com no ser\u00e1 responsable, directa o indirectamente, de ning\u00fan da\u00f1o o p\u00e9rdida causado o supuestamente causado por o en conexi\u00f3n con el contenido, bienes o servicios disponibles o a trav\u00e9s de cualquiera de dichos sitios web o servicios.<\/p>\n<p>Le recomendamos que revise los t\u00e9rminos y condiciones y las pol\u00edticas de privacidad de los sitios web o servicios de terceros que visite.<\/p>\n<p>Rescisi\u00f3n<br \/>\nPodemos terminar o suspender su acceso al servicio inmediatamente, sin previo aviso ni responsabilidad, por cualquier motivo, incluyendo, sin limitaci\u00f3n, si usted incumple los t\u00e9rminos.<\/p>\n<p>En caso de rescisi\u00f3n, cesar\u00e1 inmediatamente su derecho a utilizar el servicio.<\/p>\n<p>Limitaci\u00f3n de responsabilidad<br \/>\nEn ning\u00fan caso https:\/\/norihealth.com, incluidos sus directores, empleados, socios, agentes, proveedores o afiliados, ser\u00e1 responsable de ning\u00fan da\u00f1o indirecto, incidental, especial, consecuente o punitivo, incluyendo, sin limitaci\u00f3n, la p\u00e9rdida de beneficios, datos, uso, fondo de comercio u otras p\u00e9rdidas intangibles, resultantes de: (i) su acceso o uso o incapacidad de acceso o uso del servicio; (ii) cualquier conducta o contenido de cualquier tercero en el servicio; (iii) cualquier contenido obtenido del servicio; (iv) acceso no autorizado, uso o alteraci\u00f3n de sus transmisiones o contenido; ya sea basado en garant\u00eda, contrato, agravio (incluyendo negligencia), o cualquier otra teor\u00eda legal, ya sea que hayamos sido informados o no de la posibilidad de tales da\u00f1os.<\/p>\n<p>Exenci\u00f3n de responsabilidad<br \/>\nEl uso de este servicio corre por su cuenta y riesgo. El servicio se proporciona \u201ctal cual\u201d y \u201cseg\u00fan disponibilidad\u201d. El servicio se proporciona sin garant\u00edas de ning\u00fan tipo, ya sean expresas o impl\u00edcitas, incluidas, entre otras, las garant\u00edas impl\u00edcitas de comerciabilidad, idoneidad para un fin determinado, no infracci\u00f3n o curso de ejecuci\u00f3n.<\/p>\n<p>https:\/\/norihealth.com, sus filiales, empresas asociadas y licenciantes no garantizan que (a) el servicio funcionar\u00e1 de forma ininterrumpida, segura o disponible en un momento o lugar determinados; (b) se corregir\u00e1 cualquier error o defecto; (c) el servicio est\u00e1 libre de virus u otros componentes da\u00f1inos; (d) los resultados del uso del servicio cumplir\u00e1n sus requisitos.<\/p>\n","protected":false},"excerpt":{"rendered":"<p>Por supuesto, he modificado las referencias en el texto con el enlace que has proporcionado: Lea atentamente estas condiciones antes de utilizar el servicio. El acceso y uso del servicio&hellip; <\/p>\n","protected":false},"author":1,"featured_media":0,"parent":0,"menu_order":0,"comment_status":"closed","ping_status":"closed","template":"","meta":{"footnotes":""},"yoast_head":"<!-- This site is optimized with the Yoast SEO plugin v21.5 - https:\/\/yoast.com\/wordpress\/plugins\/seo\/ -->\n<title>Condiciones de uso - Nori Health<\/title>\n<meta name=\"robots\" content=\"index, follow, max-snippet:-1, max-image-preview:large, max-video-preview:-1\" \/>\n<link rel=\"canonical\" href=\"http:\/\/norihealth.com\/news\/condiciones-de-uso\/\" \/>\n<meta property=\"og:locale\" content=\"es_ES\" \/>\n<meta property=\"og:type\" content=\"article\" \/>\n<meta property=\"og:title\" content=\"Condiciones de uso - Nori Health\" \/>\n<meta property=\"og:description\" content=\"Por supuesto, he modificado las referencias en el texto con el enlace que has proporcionado: Lea atentamente estas condiciones antes de utilizar el servicio. El acceso y uso del servicio&hellip;\" \/>\n<meta property=\"og:url\" content=\"http:\/\/norihealth.com\/news\/condiciones-de-uso\/\" \/>\n<meta property=\"og:site_name\" content=\"Nori Health\" \/>\n<meta name=\"twitter:card\" content=\"summary_large_image\" \/>\n<meta name=\"twitter:label1\" content=\"Tiempo de lectura\" \/>\n\t<meta name=\"twitter:data1\" content=\"3 minutos\" \/>\n<script type=\"application\/ld+json\" class=\"yoast-schema-graph\">{\"@context\":\"https:\/\/schema.org\",\"@graph\":[{\"@type\":\"WebPage\",\"@id\":\"http:\/\/norihealth.com\/news\/condiciones-de-uso\/\",\"url\":\"http:\/\/norihealth.com\/news\/condiciones-de-uso\/\",\"name\":\"Condiciones de uso - Nori Health\",\"isPartOf\":{\"@id\":\"https:\/\/norihealth.com\/news\/#website\"},\"datePublished\":\"2023-11-02T14:42:56+00:00\",\"dateModified\":\"2023-11-02T14:42:56+00:00\",\"breadcrumb\":{\"@id\":\"http:\/\/norihealth.com\/news\/condiciones-de-uso\/#breadcrumb\"},\"inLanguage\":\"es\",\"potentialAction\":[{\"@type\":\"ReadAction\",\"target\":[\"http:\/\/norihealth.com\/news\/condiciones-de-uso\/\"]}]},{\"@type\":\"BreadcrumbList\",\"@id\":\"http:\/\/norihealth.com\/news\/condiciones-de-uso\/#breadcrumb\",\"itemListElement\":[{\"@type\":\"ListItem\",\"position\":1,\"name\":\"Home\",\"item\":\"https:\/\/norihealth.com\/news\/\"},{\"@type\":\"ListItem\",\"position\":2,\"name\":\"Condiciones de uso\"}]},{\"@type\":\"WebSite\",\"@id\":\"https:\/\/norihealth.com\/news\/#website\",\"url\":\"https:\/\/norihealth.com\/news\/\",\"name\":\"Nori Health\",\"description\":\"news\",\"publisher\":{\"@id\":\"https:\/\/norihealth.com\/news\/#organization\"},\"potentialAction\":[{\"@type\":\"SearchAction\",\"target\":{\"@type\":\"EntryPoint\",\"urlTemplate\":\"https:\/\/norihealth.com\/news\/?s={search_term_string}\"},\"query-input\":\"required name=search_term_string\"}],\"inLanguage\":\"es\"},{\"@type\":\"Organization\",\"@id\":\"https:\/\/norihealth.com\/news\/#organization\",\"name\":\"Nori Health\",\"url\":\"https:\/\/norihealth.com\/news\/\",\"logo\":{\"@type\":\"ImageObject\",\"inLanguage\":\"es\",\"@id\":\"https:\/\/norihealth.com\/news\/#\/schema\/logo\/image\/\",\"url\":\"https:\/\/norihealth.com\/news\/wp-content\/uploads\/2023\/11\/cropped-\u0421\u043d\u0438\u043c\u043e\u043a-\u044d\u043a\u0440\u0430\u043d\u0430-2023-11-03-\u0432-13.08.35.png\",\"contentUrl\":\"https:\/\/norihealth.com\/news\/wp-content\/uploads\/2023\/11\/cropped-\u0421\u043d\u0438\u043c\u043e\u043a-\u044d\u043a\u0440\u0430\u043d\u0430-2023-11-03-\u0432-13.08.35.png\",\"width\":346,\"height\":139,\"caption\":\"Nori Health\"},\"image\":{\"@id\":\"https:\/\/norihealth.com\/news\/#\/schema\/logo\/image\/\"}}]}<\/script>\n<!-- \/ Yoast SEO plugin. -->","yoast_head_json":{"title":"Condiciones de uso - Nori Health","robots":{"index":"index","follow":"follow","max-snippet":"max-snippet:-1","max-image-preview":"max-image-preview:large","max-video-preview":"max-video-preview:-1"},"canonical":"http:\/\/norihealth.com\/news\/condiciones-de-uso\/","og_locale":"es_ES","og_type":"article","og_title":"Condiciones de uso - Nori Health","og_description":"Por supuesto, he modificado las referencias en el texto con el enlace que has proporcionado: Lea atentamente estas condiciones antes de utilizar el servicio. El acceso y uso del servicio&hellip;","og_url":"http:\/\/norihealth.com\/news\/condiciones-de-uso\/","og_site_name":"Nori Health","twitter_card":"summary_large_image","twitter_misc":{"Tiempo de lectura":"3 minutos"},"schema":{"@context":"https:\/\/schema.org","@graph":[{"@type":"WebPage","@id":"http:\/\/norihealth.com\/news\/condiciones-de-uso\/","url":"http:\/\/norihealth.com\/news\/condiciones-de-uso\/","name":"Condiciones de uso - Nori Health","isPartOf":{"@id":"https:\/\/norihealth.com\/news\/#website"},"datePublished":"2023-11-02T14:42:56+00:00","dateModified":"2023-11-02T14:42:56+00:00","breadcrumb":{"@id":"http:\/\/norihealth.com\/news\/condiciones-de-uso\/#breadcrumb"},"inLanguage":"es","potentialAction":[{"@type":"ReadAction","target":["http:\/\/norihealth.com\/news\/condiciones-de-uso\/"]}]},{"@type":"BreadcrumbList","@id":"http:\/\/norihealth.com\/news\/condiciones-de-uso\/#breadcrumb","itemListElement":[{"@type":"ListItem","position":1,"name":"Home","item":"https:\/\/norihealth.com\/news\/"},{"@type":"ListItem","position":2,"name":"Condiciones de uso"}]},{"@type":"WebSite","@id":"https:\/\/norihealth.com\/news\/#website","url":"https:\/\/norihealth.com\/news\/","name":"Nori Health","description":"news","publisher":{"@id":"https:\/\/norihealth.com\/news\/#organization"},"potentialAction":[{"@type":"SearchAction","target":{"@type":"EntryPoint","urlTemplate":"https:\/\/norihealth.com\/news\/?s={search_term_string}"},"query-input":"required name=search_term_string"}],"inLanguage":"es"},{"@type":"Organization","@id":"https:\/\/norihealth.com\/news\/#organization","name":"Nori Health","url":"https:\/\/norihealth.com\/news\/","logo":{"@type":"ImageObject","inLanguage":"es","@id":"https:\/\/norihealth.com\/news\/#\/schema\/logo\/image\/","url":"https:\/\/norihealth.com\/news\/wp-content\/uploads\/2023\/11\/cropped-\u0421\u043d\u0438\u043c\u043e\u043a-\u044d\u043a\u0440\u0430\u043d\u0430-2023-11-03-\u0432-13.08.35.png","contentUrl":"https:\/\/norihealth.com\/news\/wp-content\/uploads\/2023\/11\/cropped-\u0421\u043d\u0438\u043c\u043e\u043a-\u044d\u043a\u0440\u0430\u043d\u0430-2023-11-03-\u0432-13.08.35.png","width":346,"height":139,"caption":"Nori Health"},"image":{"@id":"https:\/\/norihealth.com\/news\/#\/schema\/logo\/image\/"}}]}},"_links":{"self":[{"href":"https:\/\/norihealth.com\/news\/wp-json\/wp\/v2\/pages\/47"}],"collection":[{"href":"https:\/\/norihealth.com\/news\/wp-json\/wp\/v2\/pages"}],"about":[{"href":"https:\/\/norihealth.com\/news\/wp-json\/wp\/v2\/types\/page"}],"author":[{"embeddable":true,"href":"https:\/\/norihealth.com\/news\/wp-json\/wp\/v2\/users\/1"}],"replies":[{"embeddable":true,"href":"https:\/\/norihealth.com\/news\/wp-json\/wp\/v2\/comments?post=47"}],"version-history":[{"count":1,"href":"https:\/\/norihealth.com\/news\/wp-json\/wp\/v2\/pages\/47\/revisions"}],"predecessor-version":[{"id":48,"href":"https:\/\/norihealth.com\/news\/wp-json\/wp\/v2\/pages\/47\/revisions\/48"}],"wp:attachment":[{"href":"https:\/\/norihealth.com\/news\/wp-json\/wp\/v2\/media?parent=47"}],"curies":[{"name":"wp","href":"https:\/\/api.w.org\/{rel}","templated":true}]}}